{"id":10673,"date":"2022-03-21T22:04:47","date_gmt":"2022-03-21T14:04:47","guid":{"rendered":"https:\/\/jushenglock.com\/fourniture-daccessoires\/"},"modified":"2022-11-29T11:23:34","modified_gmt":"2022-11-29T03:23:34","slug":"fourniture-daccessoires","status":"publish","type":"page","link":"https:\/\/jushenglock.com\/fr\/fourniture-daccessoires\/","title":{"rendered":"Fourniture d&rsquo;accessoires"},"content":{"rendered":"\t\t<div data-elementor-type=\"wp-page\" data-elementor-id=\"10673\" class=\"elementor elementor-10673\" data-elementor-post-type=\"page\">\n\t\t\t\t\t\t<section class=\"elementor-section elementor-top-section elementor-element elementor-element-7677764 elementor-section-boxed elementor-section-height-default elementor-section-height-default\" data-id=\"7677764\" data-element_type=\"section\" data-settings=\"{&quot;background_background&quot;:&quot;classic&quot;}\">\n\t\t\t\t\t\t<div class=\"elementor-container elementor-column-gap-default\">\n\t\t\t\t\t<div class=\"elementor-column elementor-col-100 elementor-top-column elementor-element elementor-element-7d51b1b\" data-id=\"7d51b1b\" data-element_type=\"column\">\n\t\t\t<div class=\"elementor-widget-wrap elementor-element-populated\">\n\t\t\t\t\t\t<div class=\"elementor-element elementor-element-9a23917 elementor-widget elementor-widget-heading\" data-id=\"9a23917\" data-element_type=\"widget\" data-widget_type=\"heading.default\">\n\t\t\t\t\t\t<div class=\"elementor-widget-container\">\n\t\t\t\t\t<h2 class=\"elementor-heading-title elementor-size-default\">Solution accessoire pour chaque poign\u00e9e de porte<\/h2>\t\t\t\t<\/div>\n\t\t\t\t<\/div>\n\t\t\t\t<div class=\"elementor-element elementor-element-71c35c4 elementor-widget elementor-widget-text-editor\" data-id=\"71c35c4\" data-element_type=\"widget\" data-widget_type=\"text-editor.default\">\n\t\t\t\t\t\t<div class=\"elementor-widget-container\">\n\t\t\t\t\t\t\t\t\t<p>Un expert en quincaillerie de porte unique vous aidera \u00e0 faire correspondre la quincaillerie des portes int\u00e9rieures et ext\u00e9rieures.<\/p>\n\t\t\t\t\t\t\t\t<\/div>\n\t\t\t\t<\/div>\n\t\t\t\t<div class=\"elementor-element elementor-element-7f4bffb elementor-widget elementor-widget-text-editor\" data-id=\"7f4bffb\" data-element_type=\"widget\" data-widget_type=\"text-editor.default\">\n\t\t\t\t\t\t<div class=\"elementor-widget-container\">\n\t\t\t\t\t\t\t\t\t<p><a href=\"\/\">Page d&rsquo;accueil<\/a> &gt; <a href=\"https:\/\/jushenglock.com\/services\/\">Prestations de service<\/a> &gt; Fourniture d&rsquo;accessoires<\/p>\n\t\t\t\t\t\t\t\t<\/div>\n\t\t\t\t<\/div>\n\t\t\t\t\t<\/div>\n\t\t<\/div>\n\t\t\t\t\t<\/div>\n\t\t<\/section>\n\t\t\t\t<section class=\"elementor-section elementor-top-section elementor-element elementor-element-45c9b30 elementor-section-boxed elementor-section-height-default elementor-section-height-default\" data-id=\"45c9b30\" data-element_type=\"section\" data-settings=\"{&quot;background_background&quot;:&quot;classic&quot;}\">\n\t\t\t\t\t\t<div class=\"elementor-container elementor-column-gap-default\">\n\t\t\t\t\t<div class=\"elementor-column elementor-col-50 elementor-top-column elementor-element elementor-element-c5a5647\" data-id=\"c5a5647\" data-element_type=\"column\">\n\t\t\t<div class=\"elementor-widget-wrap elementor-element-populated\">\n\t\t\t\t\t\t<div class=\"elementor-element elementor-element-35b8d14 elementor-widget elementor-widget-image\" data-id=\"35b8d14\" data-element_type=\"widget\" data-widget_type=\"image.default\">\n\t\t\t\t\t\t<div class=\"elementor-widget-container\">\n\t\t\t\t\t\t\t\t\t\t\t\t\t\t\t<img fetchpriority=\"high\" decoding=\"async\" width=\"580\" height=\"435\" src=\"https:\/\/jushenglock.com\/wp-content\/uploads\/2022\/03\/door-accessories.jpg\" class=\"attachment-large size-large wp-image-647\" alt=\"\" srcset=\"https:\/\/jushenglock.com\/wp-content\/uploads\/2022\/03\/door-accessories.jpg 580w, https:\/\/jushenglock.com\/wp-content\/uploads\/2022\/03\/door-accessories-300x225.jpg 300w\" sizes=\"(max-width: 580px) 100vw, 580px\" title=\"\">\t\t\t\t\t\t\t\t\t\t\t\t\t\t\t<\/div>\n\t\t\t\t<\/div>\n\t\t\t\t\t<\/div>\n\t\t<\/div>\n\t\t\t\t<div class=\"elementor-column elementor-col-50 elementor-top-column elementor-element elementor-element-9a61356\" data-id=\"9a61356\" data-element_type=\"column\">\n\t\t\t<div class=\"elementor-widget-wrap elementor-element-populated\">\n\t\t\t\t\t\t<div class=\"elementor-element elementor-element-6fbf139 elementor-widget elementor-widget-heading\" data-id=\"6fbf139\" data-element_type=\"widget\" data-widget_type=\"heading.default\">\n\t\t\t\t\t\t<div class=\"elementor-widget-container\">\n\t\t\t\t\t<h2 class=\"elementor-heading-title elementor-size-default\">Nous fournissons\naccessoires de porte dont vous avez besoin<\/h2>\t\t\t\t<\/div>\n\t\t\t\t<\/div>\n\t\t\t\t<div class=\"elementor-element elementor-element-94007b4 elementor-widget elementor-widget-text-editor\" data-id=\"94007b4\" data-element_type=\"widget\" data-widget_type=\"text-editor.default\">\n\t\t\t\t\t\t<div class=\"elementor-widget-container\">\n\t\t\t\t\t\t\t\t\t<p>Les usines de fabrication de Mepull sont \u00e9quip\u00e9es de machines et d&rsquo;installations de recherche et d\u00e9veloppement \u00e0 la pointe de la technologie. Nos cylindres et corps de serrures d&rsquo;accessoires de porte sont vendus aux quatre coins du monde et notre marque est devenue un symbole de confiance et de s\u00e9curit\u00e9.<\/p>\n\t\t\t\t\t\t\t\t<\/div>\n\t\t\t\t<\/div>\n\t\t\t\t\t<\/div>\n\t\t<\/div>\n\t\t\t\t\t<\/div>\n\t\t<\/section>\n\t\t\t\t<section class=\"elementor-section elementor-top-section elementor-element elementor-element-6a72f0c elementor-section-boxed elementor-section-height-default elementor-section-height-default\" data-id=\"6a72f0c\" data-element_type=\"section\" data-settings=\"{&quot;background_background&quot;:&quot;classic&quot;}\">\n\t\t\t\t\t\t<div class=\"elementor-container elementor-column-gap-default\">\n\t\t\t\t\t<div class=\"elementor-column elementor-col-100 elementor-top-column elementor-element elementor-element-aaa4a52\" data-id=\"aaa4a52\" data-element_type=\"column\">\n\t\t\t<div class=\"elementor-widget-wrap elementor-element-populated\">\n\t\t\t\t\t\t<div class=\"elementor-element elementor-element-7346fbf elementor-widget elementor-widget-heading\" data-id=\"7346fbf\" data-element_type=\"widget\" data-widget_type=\"heading.default\">\n\t\t\t\t\t\t<div class=\"elementor-widget-container\">\n\t\t\t\t\t<h2 class=\"elementor-heading-title elementor-size-default\">Trouvez les raccords qui vous conviennent<\/h2>\t\t\t\t<\/div>\n\t\t\t\t<\/div>\n\t\t\t\t<section class=\"elementor-section elementor-inner-section elementor-element elementor-element-a670dc8 elementor-section-boxed elementor-section-height-default elementor-section-height-default\" data-id=\"a670dc8\" data-element_type=\"section\">\n\t\t\t\t\t\t<div class=\"elementor-container elementor-column-gap-default\">\n\t\t\t\t\t<div class=\"elementor-column elementor-col-100 elementor-inner-column elementor-element elementor-element-5413c1f\" data-id=\"5413c1f\" data-element_type=\"column\">\n\t\t\t<div class=\"elementor-widget-wrap elementor-element-populated\">\n\t\t\t\t\t\t<div class=\"elementor-element elementor-element-54cc977 gallery-spacing-custom elementor-widget elementor-widget-image-gallery\" data-id=\"54cc977\" data-element_type=\"widget\" data-widget_type=\"image-gallery.default\">\n\t\t\t\t\t\t<div class=\"elementor-widget-container\">\n\t\t\t\t\t\t\t<div class=\"elementor-image-gallery\">\n\t\t\t<div id='gallery-1' class='gallery galleryid-10673 gallery-columns-3 gallery-size-medium'><figure class='gallery-item'>\n\t\t\t<div class='gallery-icon landscape'>\n\t\t\t\t<a data-elementor-open-lightbox=\"yes\" data-elementor-lightbox-slideshow=\"54cc977\" data-elementor-lightbox-title=\"door lock accessories\" data-e-action-hash=\"#elementor-action%3Aaction%3Dlightbox%26settings%3DeyJpZCI6NDg2MywidXJsIjoiaHR0cHM6XC9cL2p1c2hlbmdsb2NrLmNvbVwvd3AtY29udGVudFwvdXBsb2Fkc1wvMjAyMlwvMDNcL2Rvb3ItbG9jay1hY2Nlc3Nvcmllcy5qcGciLCJzbGlkZXNob3ciOiI1NGNjOTc3In0%3D\" href='https:\/\/jushenglock.com\/wp-content\/uploads\/2022\/03\/door-lock-accessories.jpg'><img decoding=\"async\" width=\"300\" height=\"194\" src=\"https:\/\/jushenglock.com\/wp-content\/uploads\/2022\/03\/door-lock-accessories-300x194.jpg\" class=\"attachment-medium size-medium\" alt=\"\" aria-describedby=\"gallery-1-4863\" srcset=\"https:\/\/jushenglock.com\/wp-content\/uploads\/2022\/03\/door-lock-accessories-300x194.jpg 300w, https:\/\/jushenglock.com\/wp-content\/uploads\/2022\/03\/door-lock-accessories.jpg 580w\" sizes=\"(max-width: 300px) 100vw, 300px\" title=\"\"><\/a>\n\t\t\t<\/div>\n\t\t\t\t<figcaption class='wp-caption-text gallery-caption' id='gallery-1-4863'>\n\t\t\t\tDoor Lock Accessories\n\t\t\t\t<\/figcaption><\/figure><figure class='gallery-item'>\n\t\t\t<div class='gallery-icon landscape'>\n\t\t\t\t<a data-elementor-open-lightbox=\"yes\" data-elementor-lightbox-slideshow=\"54cc977\" data-elementor-lightbox-title=\"door latch\" data-e-action-hash=\"#elementor-action%3Aaction%3Dlightbox%26settings%3DeyJpZCI6NDg2MCwidXJsIjoiaHR0cHM6XC9cL2p1c2hlbmdsb2NrLmNvbVwvd3AtY29udGVudFwvdXBsb2Fkc1wvMjAyMlwvMDNcL2Rvb3ItbGF0Y2guanBnIiwic2xpZGVzaG93IjoiNTRjYzk3NyJ9\" href='https:\/\/jushenglock.com\/wp-content\/uploads\/2022\/03\/door-latch.jpg'><img decoding=\"async\" width=\"300\" height=\"194\" src=\"https:\/\/jushenglock.com\/wp-content\/uploads\/2022\/03\/door-latch-300x194.jpg\" class=\"attachment-medium size-medium\" alt=\"\" aria-describedby=\"gallery-1-4860\" srcset=\"https:\/\/jushenglock.com\/wp-content\/uploads\/2022\/03\/door-latch-300x194.jpg 300w, https:\/\/jushenglock.com\/wp-content\/uploads\/2022\/03\/door-latch.jpg 580w\" sizes=\"(max-width: 300px) 100vw, 300px\" title=\"\"><\/a>\n\t\t\t<\/div>\n\t\t\t\t<figcaption class='wp-caption-text gallery-caption' id='gallery-1-4860'>\n\t\t\t\tDoor Latch\n\t\t\t\t<\/figcaption><\/figure><figure class='gallery-item'>\n\t\t\t<div class='gallery-icon landscape'>\n\t\t\t\t<a data-elementor-open-lightbox=\"yes\" data-elementor-lightbox-slideshow=\"54cc977\" data-elementor-lightbox-title=\"Anti-lock knob\" data-e-action-hash=\"#elementor-action%3Aaction%3Dlightbox%26settings%3DeyJpZCI6NDg2NiwidXJsIjoiaHR0cHM6XC9cL2p1c2hlbmdsb2NrLmNvbVwvd3AtY29udGVudFwvdXBsb2Fkc1wvMjAyMlwvMDNcL0FudGktbG9jay1rbm9iLmpwZyIsInNsaWRlc2hvdyI6IjU0Y2M5NzcifQ%3D%3D\" href='https:\/\/jushenglock.com\/wp-content\/uploads\/2022\/03\/Anti-lock-knob.jpg'><img loading=\"lazy\" decoding=\"async\" width=\"300\" height=\"194\" src=\"https:\/\/jushenglock.com\/wp-content\/uploads\/2022\/03\/Anti-lock-knob-300x194.jpg\" class=\"attachment-medium size-medium\" alt=\"\" aria-describedby=\"gallery-1-4866\" srcset=\"https:\/\/jushenglock.com\/wp-content\/uploads\/2022\/03\/Anti-lock-knob-300x194.jpg 300w, https:\/\/jushenglock.com\/wp-content\/uploads\/2022\/03\/Anti-lock-knob.jpg 580w\" sizes=\"(max-width: 300px) 100vw, 300px\" title=\"\"><\/a>\n\t\t\t<\/div>\n\t\t\t\t<figcaption class='wp-caption-text gallery-caption' id='gallery-1-4866'>\n\t\t\t\tAnti-Lock Knob\n\t\t\t\t<\/figcaption><\/figure><figure class='gallery-item'>\n\t\t\t<div class='gallery-icon landscape'>\n\t\t\t\t<a data-elementor-open-lightbox=\"yes\" data-elementor-lightbox-slideshow=\"54cc977\" data-elementor-lightbox-title=\"door lock rod\" data-e-action-hash=\"#elementor-action%3Aaction%3Dlightbox%26settings%3DeyJpZCI6NDg1NywidXJsIjoiaHR0cHM6XC9cL2p1c2hlbmdsb2NrLmNvbVwvd3AtY29udGVudFwvdXBsb2Fkc1wvMjAyMlwvMDNcL2Rvb3ItbG9jay1yb2QuanBnIiwic2xpZGVzaG93IjoiNTRjYzk3NyJ9\" href='https:\/\/jushenglock.com\/wp-content\/uploads\/2022\/03\/door-lock-rod.jpg'><img loading=\"lazy\" decoding=\"async\" width=\"300\" height=\"194\" src=\"https:\/\/jushenglock.com\/wp-content\/uploads\/2022\/03\/door-lock-rod-300x194.jpg\" class=\"attachment-medium size-medium\" alt=\"\" aria-describedby=\"gallery-1-4857\" srcset=\"https:\/\/jushenglock.com\/wp-content\/uploads\/2022\/03\/door-lock-rod-300x194.jpg 300w, https:\/\/jushenglock.com\/wp-content\/uploads\/2022\/03\/door-lock-rod.jpg 580w\" sizes=\"(max-width: 300px) 100vw, 300px\" title=\"\"><\/a>\n\t\t\t<\/div>\n\t\t\t\t<figcaption class='wp-caption-text gallery-caption' id='gallery-1-4857'>\n\t\t\t\tDoor Lock Rod\n\t\t\t\t<\/figcaption><\/figure><figure class='gallery-item'>\n\t\t\t<div class='gallery-icon landscape'>\n\t\t\t\t<a data-elementor-open-lightbox=\"yes\" data-elementor-lightbox-slideshow=\"54cc977\" data-elementor-lightbox-title=\"tongue buckle\" data-e-action-hash=\"#elementor-action%3Aaction%3Dlightbox%26settings%3DeyJpZCI6NDg2OSwidXJsIjoiaHR0cHM6XC9cL2p1c2hlbmdsb2NrLmNvbVwvd3AtY29udGVudFwvdXBsb2Fkc1wvMjAyMlwvMDNcL3Rvbmd1ZS1idWNrbGUuanBnIiwic2xpZGVzaG93IjoiNTRjYzk3NyJ9\" href='https:\/\/jushenglock.com\/wp-content\/uploads\/2022\/03\/tongue-buckle.jpg'><img loading=\"lazy\" decoding=\"async\" width=\"300\" height=\"194\" src=\"https:\/\/jushenglock.com\/wp-content\/uploads\/2022\/03\/tongue-buckle-300x194.jpg\" class=\"attachment-medium size-medium\" alt=\"\" aria-describedby=\"gallery-1-4869\" srcset=\"https:\/\/jushenglock.com\/wp-content\/uploads\/2022\/03\/tongue-buckle-300x194.jpg 300w, https:\/\/jushenglock.com\/wp-content\/uploads\/2022\/03\/tongue-buckle.jpg 580w\" sizes=\"(max-width: 300px) 100vw, 300px\" title=\"\"><\/a>\n\t\t\t<\/div>\n\t\t\t\t<figcaption class='wp-caption-text gallery-caption' id='gallery-1-4869'>\n\t\t\t\tTongue Buckle\n\t\t\t\t<\/figcaption><\/figure><figure class='gallery-item'>\n\t\t\t<div class='gallery-icon landscape'>\n\t\t\t\t<a data-elementor-open-lightbox=\"yes\" data-elementor-lightbox-slideshow=\"54cc977\" data-elementor-lightbox-title=\"door frame buckle\" data-e-action-hash=\"#elementor-action%3Aaction%3Dlightbox%26settings%3DeyJpZCI6NDg3MiwidXJsIjoiaHR0cHM6XC9cL2p1c2hlbmdsb2NrLmNvbVwvd3AtY29udGVudFwvdXBsb2Fkc1wvMjAyMlwvMDNcL2Rvb3ItZnJhbWUtYnVja2xlLmpwZyIsInNsaWRlc2hvdyI6IjU0Y2M5NzcifQ%3D%3D\" href='https:\/\/jushenglock.com\/wp-content\/uploads\/2022\/03\/door-frame-buckle.jpg'><img loading=\"lazy\" decoding=\"async\" width=\"300\" height=\"194\" src=\"https:\/\/jushenglock.com\/wp-content\/uploads\/2022\/03\/door-frame-buckle-300x194.jpg\" class=\"attachment-medium size-medium\" alt=\"\" aria-describedby=\"gallery-1-4872\" srcset=\"https:\/\/jushenglock.com\/wp-content\/uploads\/2022\/03\/door-frame-buckle-300x194.jpg 300w, https:\/\/jushenglock.com\/wp-content\/uploads\/2022\/03\/door-frame-buckle.jpg 580w\" sizes=\"(max-width: 300px) 100vw, 300px\" title=\"\"><\/a>\n\t\t\t<\/div>\n\t\t\t\t<figcaption class='wp-caption-text gallery-caption' id='gallery-1-4872'>\n\t\t\t\tDoor Frame Buckle\n\t\t\t\t<\/figcaption><\/figure>\n\t\t<\/div>\n\t\t<\/div>\n\t\t\t\t\t\t<\/div>\n\t\t\t\t<\/div>\n\t\t\t\t\t<\/div>\n\t\t<\/div>\n\t\t\t\t\t<\/div>\n\t\t<\/section>\n\t\t\t\t\t<\/div>\n\t\t<\/div>\n\t\t\t\t\t<\/div>\n\t\t<\/section>\n\t\t\t\t<section class=\"elementor-section elementor-top-section elementor-element elementor-element-7087384 elementor-section-boxed elementor-section-height-default elementor-section-height-default\" data-id=\"7087384\" data-element_type=\"section\" data-settings=\"{&quot;background_background&quot;:&quot;classic&quot;}\">\n\t\t\t\t\t\t<div class=\"elementor-container elementor-column-gap-default\">\n\t\t\t\t\t<div class=\"elementor-column elementor-col-100 elementor-top-column elementor-element elementor-element-ef72a2a\" data-id=\"ef72a2a\" data-element_type=\"column\">\n\t\t\t<div class=\"elementor-widget-wrap elementor-element-populated\">\n\t\t\t\t\t\t<section class=\"elementor-section elementor-inner-section elementor-element elementor-element-b1b7bba elementor-section-boxed elementor-section-height-default elementor-section-height-default\" data-id=\"b1b7bba\" data-element_type=\"section\">\n\t\t\t\t\t\t<div class=\"elementor-container elementor-column-gap-default\">\n\t\t\t\t\t<div class=\"elementor-column elementor-col-50 elementor-inner-column elementor-element elementor-element-d2adba9\" data-id=\"d2adba9\" data-element_type=\"column\">\n\t\t\t<div class=\"elementor-widget-wrap elementor-element-populated\">\n\t\t\t\t\t\t<div class=\"elementor-element elementor-element-492da97 elementor-widget elementor-widget-heading\" data-id=\"492da97\" data-element_type=\"widget\" data-widget_type=\"heading.default\">\n\t\t\t\t\t\t<div class=\"elementor-widget-container\">\n\t\t\t\t\t<h2 class=\"elementor-heading-title elementor-size-default\">Si nous ne pouvons pas le faire, <br>nous pouvons le sourcer<\/h2>\t\t\t\t<\/div>\n\t\t\t\t<\/div>\n\t\t\t\t<div class=\"elementor-element elementor-element-da67f72 elementor-widget elementor-widget-text-editor\" data-id=\"da67f72\" data-element_type=\"widget\" data-widget_type=\"text-editor.default\">\n\t\t\t\t\t\t<div class=\"elementor-widget-container\">\n\t\t\t\t\t\t\t\t\t<p>Nous proposons des services innovants de conception de marques et de produits, ainsi qu&rsquo;une expertise en outillage personnalis\u00e9, pour apporter un nouveau type de produit de qualit\u00e9 sur le march\u00e9. Les clients qualifi\u00e9s sont \u00e9ligibles aux services de conception sans frais en \u00e9change d&rsquo;une nouvelle activit\u00e9 de conception de mat\u00e9riel.<\/p>\n\t\t\t\t\t\t\t\t<\/div>\n\t\t\t\t<\/div>\n\t\t\t\t<div class=\"elementor-element elementor-element-46de76e elementor-widget elementor-widget-heading\" data-id=\"46de76e\" data-element_type=\"widget\" data-widget_type=\"heading.default\">\n\t\t\t\t\t\t<div class=\"elementor-widget-container\">\n\t\t\t\t\t<h2 class=\"elementor-heading-title elementor-size-default\">N\u00e9cessite facilement des \u00e9quipements sp\u00e9ciaux<\/h2>\t\t\t\t<\/div>\n\t\t\t\t<\/div>\n\t\t\t\t<div class=\"elementor-element elementor-element-672cde7 elementor-widget elementor-widget-text-editor\" data-id=\"672cde7\" data-element_type=\"widget\" data-widget_type=\"text-editor.default\">\n\t\t\t\t\t\t<div class=\"elementor-widget-container\">\n\t\t\t\t\t\t\t\t\t<p>Mepull est un fabricant de quincaillerie pour meubles. L&rsquo;entreprise a \u00e9tabli des relations \u00e9troites avec les usines nationales et poss\u00e8de une expertise approfondie dans l&rsquo;industrie du meuble. Il peut traiter de grosses commandes de pi\u00e8ces de meubles, mais peut \u00e9galement aider les petites entreprises ou les particuliers \u00e0 trouver les produits adapt\u00e9s \u00e0 leurs besoins. Sa gamme de produits comprend des charni\u00e8res, des glissi\u00e8res, des arr\u00eats de porte, des videurs de porte et d&rsquo;autres composants pouvant \u00eatre utilis\u00e9s pour fabriquer des meubles sur mesure. s&rsquo;il vous pla\u00eet <a href=\"https:\/\/jushenglock.com\/contact-us\/\"><span style=\"text-decoration: underline;\">contactez notre \u00e9quipe <\/span><\/a>pour des informations d\u00e9taill\u00e9es et des conseils recommand\u00e9s.<\/p>\n\t\t\t\t\t\t\t\t<\/div>\n\t\t\t\t<\/div>\n\t\t\t\t\t<\/div>\n\t\t<\/div>\n\t\t\t\t<div class=\"elementor-column elementor-col-50 elementor-inner-column elementor-element elementor-element-5e3902e\" data-id=\"5e3902e\" data-element_type=\"column\">\n\t\t\t<div class=\"elementor-widget-wrap elementor-element-populated\">\n\t\t\t\t\t\t<div class=\"elementor-element elementor-element-172c15c elementor-widget elementor-widget-image\" data-id=\"172c15c\" data-element_type=\"widget\" data-widget_type=\"image.default\">\n\t\t\t\t\t\t<div class=\"elementor-widget-container\">\n\t\t\t\t\t\t\t\t\t\t\t\t\t\t\t<img loading=\"lazy\" decoding=\"async\" width=\"600\" height=\"450\" src=\"https:\/\/jushenglock.com\/wp-content\/uploads\/2022\/03\/mepull-hinge.jpg\" class=\"attachment-large size-large wp-image-648\" alt=\"\" srcset=\"https:\/\/jushenglock.com\/wp-content\/uploads\/2022\/03\/mepull-hinge.jpg 600w, https:\/\/jushenglock.com\/wp-content\/uploads\/2022\/03\/mepull-hinge-300x225.jpg 300w\" sizes=\"(max-width: 600px) 100vw, 600px\" title=\"\">\t\t\t\t\t\t\t\t\t\t\t\t\t\t\t<\/div>\n\t\t\t\t<\/div>\n\t\t\t\t\t<\/div>\n\t\t<\/div>\n\t\t\t\t\t<\/div>\n\t\t<\/section>\n\t\t\t\t\t<\/div>\n\t\t<\/div>\n\t\t\t\t\t<\/div>\n\t\t<\/section>\n\t\t\t\t<\/div>\n\t\t","protected":false},"excerpt":{"rendered":"<p>Solution accessoire pour chaque poign\u00e9e de porte Un expert en quincaillerie de porte unique vous aidera \u00e0 faire correspondre la quincaillerie des portes int\u00e9rieures et ext\u00e9rieures. Page d&rsquo;accueil &gt; Prestations de service &gt; Fourniture d&rsquo;accessoires Nous fournissons accessoires de porte dont vous avez besoin Les usines de fabrication de Mepull sont \u00e9quip\u00e9es de machines et [&hellip;]<\/p>\n","protected":false},"author":1,"featured_media":0,"parent":0,"menu_order":0,"comment_status":"closed","ping_status":"closed","template":"","meta":{"site-sidebar-layout":"no-sidebar","site-content-layout":"page-builder","ast-site-content-layout":"","site-content-style":"default","site-sidebar-style":"default","ast-global-header-display":"","ast-banner-title-visibility":"","ast-main-header-display":"","ast-hfb-above-header-display":"","ast-hfb-below-header-display":"","ast-hfb-mobile-header-display":"","site-post-title":"disabled","ast-breadcrumbs-content":"","ast-featured-img":"disabled","footer-sml-layout":"","theme-transparent-header-meta":"","adv-header-id-meta":"","stick-header-meta":"","header-above-stick-meta":"","header-main-stick-meta":"","header-below-stick-meta":"","astra-migrate-meta-layouts":"default","ast-page-background-enabled":"default","ast-page-background-meta":{"desktop":{"background-color":"var(--ast-global-color-4)","background-image":"","background-repeat":"repeat","background-position":"center center","background-size":"auto","background-attachment":"scroll","background-type":"","background-media":"","overlay-type":"","overlay-color":"","overlay-opacity":"","overlay-gradient":""},"tablet":{"background-color":"","background-image":"","background-repeat":"repeat","background-position":"center center","background-size":"auto","background-attachment":"scroll","background-type":"","background-media":"","overlay-type":"","overlay-color":"","overlay-opacity":"","overlay-gradient":""},"mobile":{"background-color":"","background-image":"","background-repeat":"repeat","background-position":"center center","background-size":"auto","background-attachment":"scroll","background-type":"","background-media":"","overlay-type":"","overlay-color":"","overlay-opacity":"","overlay-gradient":""}},"ast-content-background-meta":{"desktop":{"background-color":"var(--ast-global-color-5)","background-image":"","background-repeat":"repeat","background-position":"center center","background-size":"auto","background-attachment":"scroll","background-type":"","background-media":"","overlay-type":"","overlay-color":"","overlay-opacity":"","overlay-gradient":""},"tablet":{"background-color":"var(--ast-global-color-5)","background-image":"","background-repeat":"repeat","background-position":"center center","background-size":"auto","background-attachment":"scroll","background-type":"","background-media":"","overlay-type":"","overlay-color":"","overlay-opacity":"","overlay-gradient":""},"mobile":{"background-color":"var(--ast-global-color-5)","background-image":"","background-repeat":"repeat","background-position":"center center","background-size":"auto","background-attachment":"scroll","background-type":"","background-media":"","overlay-type":"","overlay-color":"","overlay-opacity":"","overlay-gradient":""}},"footnotes":""},"class_list":["post-10673","page","type-page","status-publish","hentry"],"_links":{"self":[{"href":"https:\/\/jushenglock.com\/fr\/wp-json\/wp\/v2\/pages\/10673","targetHints":{"allow":["GET"]}}],"collection":[{"href":"https:\/\/jushenglock.com\/fr\/wp-json\/wp\/v2\/pages"}],"about":[{"href":"https:\/\/jushenglock.com\/fr\/wp-json\/wp\/v2\/types\/page"}],"author":[{"embeddable":true,"href":"https:\/\/jushenglock.com\/fr\/wp-json\/wp\/v2\/users\/1"}],"replies":[{"embeddable":true,"href":"https:\/\/jushenglock.com\/fr\/wp-json\/wp\/v2\/comments?post=10673"}],"version-history":[{"count":1,"href":"https:\/\/jushenglock.com\/fr\/wp-json\/wp\/v2\/pages\/10673\/revisions"}],"predecessor-version":[{"id":10674,"href":"https:\/\/jushenglock.com\/fr\/wp-json\/wp\/v2\/pages\/10673\/revisions\/10674"}],"wp:attachment":[{"href":"https:\/\/jushenglock.com\/fr\/wp-json\/wp\/v2\/media?parent=10673"}],"curies":[{"name":"wp","href":"https:\/\/api.w.org\/{rel}","templated":true}]}}