{"id":10737,"date":"2022-03-16T09:06:46","date_gmt":"2022-03-16T01:06:46","guid":{"rendered":"https:\/\/jushenglock.com\/chef-dentreprise\/"},"modified":"2022-11-29T17:44:10","modified_gmt":"2022-11-29T09:44:10","slug":"chef-dentreprise","status":"publish","type":"page","link":"https:\/\/jushenglock.com\/fr\/chef-dentreprise\/","title":{"rendered":"chef d&rsquo;entreprise"},"content":{"rendered":"\t\t<div data-elementor-type=\"wp-page\" data-elementor-id=\"10737\" class=\"elementor elementor-10737\" data-elementor-post-type=\"page\">\n\t\t\t\t\t\t<section class=\"elementor-section elementor-top-section elementor-element elementor-element-7f5ae19 elementor-section-boxed elementor-section-height-default elementor-section-height-default\" data-id=\"7f5ae19\" data-element_type=\"section\" data-settings=\"{&quot;background_background&quot;:&quot;classic&quot;}\">\n\t\t\t\t\t\t<div class=\"elementor-container elementor-column-gap-default\">\n\t\t\t\t\t<div class=\"elementor-column elementor-col-100 elementor-top-column elementor-element elementor-element-52eecc3\" data-id=\"52eecc3\" data-element_type=\"column\">\n\t\t\t<div class=\"elementor-widget-wrap elementor-element-populated\">\n\t\t\t\t\t\t<div class=\"elementor-element elementor-element-421053f elementor-widget elementor-widget-heading\" data-id=\"421053f\" data-element_type=\"widget\" data-widget_type=\"heading.default\">\n\t\t\t\t\t\t<div class=\"elementor-widget-container\">\n\t\t\t\t\t<h2 class=\"elementor-heading-title elementor-size-default\">chef d'entreprise<\/h2>\t\t\t\t<\/div>\n\t\t\t\t<\/div>\n\t\t\t\t<div class=\"elementor-element elementor-element-f076c1d elementor-widget elementor-widget-text-editor\" data-id=\"f076c1d\" data-element_type=\"widget\" data-widget_type=\"text-editor.default\">\n\t\t\t\t\t\t<div class=\"elementor-widget-container\">\n\t\t\t\t\t\t\t\t\t<p>Chaque membre de notre \u00e9quipe de direction d\u00e9montre des valeurs qui guident notre travail et la fa\u00e7on dont nous servons nos clients. <br \/>Le r\u00e9sultat est que notre \u00e9quipe fournit un service client extraordinaire, une confiance et un engagement envers nos partenaires.<\/p>\n\t\t\t\t\t\t\t\t<\/div>\n\t\t\t\t<\/div>\n\t\t\t\t<div class=\"elementor-element elementor-element-eedf622 elementor-hidden-tablet elementor-hidden-mobile elementor-widget elementor-widget-text-editor\" data-id=\"eedf622\" data-element_type=\"widget\" data-widget_type=\"text-editor.default\">\n\t\t\t\t\t\t<div class=\"elementor-widget-container\">\n\t\t\t\t\t\t\t\t\t<p><a href=\"\/\">page d&rsquo;accueil<\/a> &gt; <a href=\"https:\/\/jushenglock.com\/why-mepull\/\">Pourquoi choisir Mepull<\/a> &gt; chef d&rsquo;entreprise<\/p>\n\t\t\t\t\t\t\t\t<\/div>\n\t\t\t\t<\/div>\n\t\t\t\t\t<\/div>\n\t\t<\/div>\n\t\t\t\t\t<\/div>\n\t\t<\/section>\n\t\t\t\t<section class=\"elementor-section elementor-top-section elementor-element elementor-element-7c7b47e elementor-section-boxed elementor-section-height-default elementor-section-height-default\" data-id=\"7c7b47e\" data-element_type=\"section\" data-settings=\"{&quot;background_background&quot;:&quot;classic&quot;}\">\n\t\t\t\t\t\t<div class=\"elementor-container elementor-column-gap-default\">\n\t\t\t\t\t<div class=\"elementor-column elementor-col-50 elementor-top-column elementor-element elementor-element-d8cec5f\" data-id=\"d8cec5f\" data-element_type=\"column\">\n\t\t\t<div class=\"elementor-widget-wrap elementor-element-populated\">\n\t\t\t\t\t\t<div class=\"elementor-element elementor-element-e9d0a9c elementor-widget elementor-widget-heading\" data-id=\"e9d0a9c\" data-element_type=\"widget\" data-widget_type=\"heading.default\">\n\t\t\t\t\t\t<div class=\"elementor-widget-container\">\n\t\t\t\t\t<h2 class=\"elementor-heading-title elementor-size-default\">M<\/h2>\t\t\t\t<\/div>\n\t\t\t\t<\/div>\n\t\t\t\t<div class=\"elementor-element elementor-element-ea931f4 elementor-widget elementor-widget-heading\" data-id=\"ea931f4\" data-element_type=\"widget\" data-widget_type=\"heading.default\">\n\t\t\t\t\t\t<div class=\"elementor-widget-container\">\n\t\t\t\t\t<h2 class=\"elementor-heading-title elementor-size-default\">Notre \u00e9quipe de direction<\/h2>\t\t\t\t<\/div>\n\t\t\t\t<\/div>\n\t\t\t\t<div class=\"elementor-element elementor-element-81434d4 elementor-widget elementor-widget-heading\" data-id=\"81434d4\" data-element_type=\"widget\" data-widget_type=\"heading.default\">\n\t\t\t\t\t\t<div class=\"elementor-widget-container\">\n\t\t\t\t\t<h2 class=\"elementor-heading-title elementor-size-default\">Rencontrer<\/h2>\t\t\t\t<\/div>\n\t\t\t\t<\/div>\n\t\t\t\t\t<\/div>\n\t\t<\/div>\n\t\t\t\t<div class=\"elementor-column elementor-col-50 elementor-top-column elementor-element elementor-element-26a40af\" data-id=\"26a40af\" data-element_type=\"column\">\n\t\t\t<div class=\"elementor-widget-wrap elementor-element-populated\">\n\t\t\t\t\t\t<div class=\"elementor-element elementor-element-51fba04 elementor-widget elementor-widget-text-editor\" data-id=\"51fba04\" data-element_type=\"widget\" data-widget_type=\"text-editor.default\">\n\t\t\t\t\t\t<div class=\"elementor-widget-container\">\n\t\t\t\t\t\t\t\t\t<p>Le leader Mepull travaille avec une excellente direction et Avec une perspicacit\u00e9, une exp\u00e9rience, une vision, un engagement et une int\u00e9grit\u00e9 totale, nous avons b\u00e2ti une entreprise qui se consacre au succ\u00e8s de ses employ\u00e9s et de ses clients.<\/p>\n\t\t\t\t\t\t\t\t<\/div>\n\t\t\t\t<\/div>\n\t\t\t\t\t<\/div>\n\t\t<\/div>\n\t\t\t\t\t<\/div>\n\t\t<\/section>\n\t\t\t\t<section class=\"elementor-section elementor-top-section elementor-element elementor-element-ba73f2e elementor-section-boxed elementor-section-height-default elementor-section-height-default\" data-id=\"ba73f2e\" data-element_type=\"section\" data-settings=\"{&quot;background_background&quot;:&quot;classic&quot;}\">\n\t\t\t\t\t\t<div class=\"elementor-container elementor-column-gap-default\">\n\t\t\t\t\t<div class=\"elementor-column elementor-col-50 elementor-top-column elementor-element elementor-element-e929e7e\" data-id=\"e929e7e\" data-element_type=\"column\">\n\t\t\t<div class=\"elementor-widget-wrap elementor-element-populated\">\n\t\t\t\t\t\t<div class=\"elementor-element elementor-element-84a298e elementor-widget elementor-widget-image\" data-id=\"84a298e\" data-element_type=\"widget\" data-widget_type=\"image.default\">\n\t\t\t\t\t\t<div class=\"elementor-widget-container\">\n\t\t\t\t\t\t\t\t\t\t\t\t\t\t\t<img fetchpriority=\"high\" decoding=\"async\" width=\"550\" height=\"550\" src=\"https:\/\/jushenglock.com\/wp-content\/uploads\/2022\/07\/110.jpg\" class=\"attachment-large size-large wp-image-1906\" alt=\"\" srcset=\"https:\/\/jushenglock.com\/wp-content\/uploads\/2022\/07\/110.jpg 550w, https:\/\/jushenglock.com\/wp-content\/uploads\/2022\/07\/110-100x100.jpg 100w, https:\/\/jushenglock.com\/wp-content\/uploads\/2022\/07\/110-300x300.jpg 300w, https:\/\/jushenglock.com\/wp-content\/uploads\/2022\/07\/110-150x150.jpg 150w\" sizes=\"(max-width: 550px) 100vw, 550px\" title=\"\">\t\t\t\t\t\t\t\t\t\t\t\t\t\t\t<\/div>\n\t\t\t\t<\/div>\n\t\t\t\t\t<\/div>\n\t\t<\/div>\n\t\t\t\t<div class=\"elementor-column elementor-col-50 elementor-top-column elementor-element elementor-element-58357e8\" data-id=\"58357e8\" data-element_type=\"column\">\n\t\t\t<div class=\"elementor-widget-wrap elementor-element-populated\">\n\t\t\t\t\t\t<div class=\"elementor-element elementor-element-521a736 elementor-widget elementor-widget-heading\" data-id=\"521a736\" data-element_type=\"widget\" data-widget_type=\"heading.default\">\n\t\t\t\t\t\t<div class=\"elementor-widget-container\">\n\t\t\t\t\t<h2 class=\"elementor-heading-title elementor-size-default\">James<\/h2>\t\t\t\t<\/div>\n\t\t\t\t<\/div>\n\t\t\t\t<div class=\"elementor-element elementor-element-02e4abb elementor-widget elementor-widget-text-editor\" data-id=\"02e4abb\" data-element_type=\"widget\" data-widget_type=\"text-editor.default\">\n\t\t\t\t\t\t<div class=\"elementor-widget-container\">\n\t\t\t\t\t\t\t\t\t<p>Pr\u00e9sident<\/p>\n\t\t\t\t\t\t\t\t<\/div>\n\t\t\t\t<\/div>\n\t\t\t\t<div class=\"elementor-element elementor-element-071bbfe elementor-widget elementor-widget-heading\" data-id=\"071bbfe\" data-element_type=\"widget\" data-widget_type=\"heading.default\">\n\t\t\t\t\t\t<div class=\"elementor-widget-container\">\n\t\t\t\t\t<h2 class=\"elementor-heading-title elementor-size-default\">\"J'ai toujours insist\u00e9 sur l'int\u00e9grit\u00e9, la connaissance de l'industrie et l'engagement envers le service\"<\/h2>\t\t\t\t<\/div>\n\t\t\t\t<\/div>\n\t\t\t\t<div class=\"elementor-element elementor-element-75a2e6c elementor-widget elementor-widget-text-editor\" data-id=\"75a2e6c\" data-element_type=\"widget\" data-widget_type=\"text-editor.default\">\n\t\t\t\t\t\t<div class=\"elementor-widget-container\">\n\t\t\t\t\t\t\t\t\t<p>En tant que pr\u00e9sident, James aide \u00e0 g\u00e9rer les activit\u00e9s de poign\u00e9es de porte et de serrures de mepull. en tant que directeur de l&rsquo;exploitation en 2012 et jouant un r\u00f4le de premier plan dans la croissance de l&rsquo;activit\u00e9 de serrures de porte de mepull \u00e0 Wenzhou, Zhejiang, Chine.<br \/>Aujourd&rsquo;hui, il est charg\u00e9 de cr\u00e9er de nouvelles opportunit\u00e9s pour les serrures intelligentes, il cr\u00e9e un excellent produit qui \u00e9tablira la barre pour l&rsquo;avenir de la s\u00e9curit\u00e9 des maisons intelligentes et mettra en place une cha\u00eene d&rsquo;approvisionnement pour mieux servir nos clients.<\/p>\n\t\t\t\t\t\t\t\t<\/div>\n\t\t\t\t<\/div>\n\t\t\t\t\t<\/div>\n\t\t<\/div>\n\t\t\t\t\t<\/div>\n\t\t<\/section>\n\t\t\t\t<section class=\"elementor-section elementor-top-section elementor-element elementor-element-b7db1a7 elementor-section-boxed elementor-section-height-default elementor-section-height-default\" data-id=\"b7db1a7\" data-element_type=\"section\" data-settings=\"{&quot;background_background&quot;:&quot;classic&quot;}\">\n\t\t\t\t\t\t<div class=\"elementor-container elementor-column-gap-default\">\n\t\t\t\t\t<div class=\"elementor-column elementor-col-50 elementor-top-column elementor-element elementor-element-f5bfa34\" data-id=\"f5bfa34\" data-element_type=\"column\">\n\t\t\t<div class=\"elementor-widget-wrap elementor-element-populated\">\n\t\t\t\t\t\t<div class=\"elementor-element elementor-element-0498028 elementor-widget elementor-widget-image\" data-id=\"0498028\" data-element_type=\"widget\" data-widget_type=\"image.default\">\n\t\t\t\t\t\t<div class=\"elementor-widget-container\">\n\t\t\t\t\t\t\t\t\t\t\t\t\t\t\t<img decoding=\"async\" width=\"1024\" height=\"1024\" src=\"https:\/\/jushenglock.com\/wp-content\/uploads\/2022\/03\/James-1-1024x1024.jpg\" class=\"attachment-large size-large wp-image-386\" alt=\"\" srcset=\"https:\/\/jushenglock.com\/wp-content\/uploads\/2022\/03\/James-1-1024x1024.jpg 1024w, https:\/\/jushenglock.com\/wp-content\/uploads\/2022\/03\/James-1-600x600.jpg 600w, https:\/\/jushenglock.com\/wp-content\/uploads\/2022\/03\/James-1-100x100.jpg 100w, https:\/\/jushenglock.com\/wp-content\/uploads\/2022\/03\/James-1-300x300.jpg 300w, https:\/\/jushenglock.com\/wp-content\/uploads\/2022\/03\/James-1-150x150.jpg 150w, https:\/\/jushenglock.com\/wp-content\/uploads\/2022\/03\/James-1-768x768.jpg 768w, https:\/\/jushenglock.com\/wp-content\/uploads\/2022\/03\/James-1.jpg 1080w\" sizes=\"(max-width: 1024px) 100vw, 1024px\" title=\"\">\t\t\t\t\t\t\t\t\t\t\t\t\t\t\t<\/div>\n\t\t\t\t<\/div>\n\t\t\t\t\t<\/div>\n\t\t<\/div>\n\t\t\t\t<div class=\"elementor-column elementor-col-50 elementor-top-column elementor-element elementor-element-ca0f3e7\" data-id=\"ca0f3e7\" data-element_type=\"column\">\n\t\t\t<div class=\"elementor-widget-wrap elementor-element-populated\">\n\t\t\t\t\t\t<div class=\"elementor-element elementor-element-77a8e17 elementor-widget elementor-widget-heading\" data-id=\"77a8e17\" data-element_type=\"widget\" data-widget_type=\"heading.default\">\n\t\t\t\t\t\t<div class=\"elementor-widget-container\">\n\t\t\t\t\t<h2 class=\"elementor-heading-title elementor-size-default\">Jason<\/h2>\t\t\t\t<\/div>\n\t\t\t\t<\/div>\n\t\t\t\t<div class=\"elementor-element elementor-element-e55a32b elementor-widget elementor-widget-text-editor\" data-id=\"e55a32b\" data-element_type=\"widget\" data-widget_type=\"text-editor.default\">\n\t\t\t\t\t\t<div class=\"elementor-widget-container\">\n\t\t\t\t\t\t\t\t\t<p>Chef de la direction<\/p>\n\t\t\t\t\t\t\t\t<\/div>\n\t\t\t\t<\/div>\n\t\t\t\t<div class=\"elementor-element elementor-element-4e5a75b elementor-widget elementor-widget-heading\" data-id=\"4e5a75b\" data-element_type=\"widget\" data-widget_type=\"heading.default\">\n\t\t\t\t\t\t<div class=\"elementor-widget-container\">\n\t\t\t\t\t<h2 class=\"elementor-heading-title elementor-size-default\">\"Nous ne nous engageons pas seulement \u00e0 proposer les meilleurs produits de serrures de porte \u00e0 nos clients mondiaux, nous nous engageons \u00e9galement \u00e0 am\u00e9liorer la valeur de leur marque\"<\/h2>\t\t\t\t<\/div>\n\t\t\t\t<\/div>\n\t\t\t\t<div class=\"elementor-element elementor-element-fb3a26a elementor-widget elementor-widget-text-editor\" data-id=\"fb3a26a\" data-element_type=\"widget\" data-widget_type=\"text-editor.default\">\n\t\t\t\t\t\t<div class=\"elementor-widget-container\">\n\t\t\t\t\t\t\t\t\t<p>Jason a rejoint mepull en tant que PDG en 2016, apportant plus de 10 ans d&rsquo;exp\u00e9rience dans la fabrication et la gestion de la cha\u00eene d&rsquo;approvisionnement. Il a aid\u00e9 MePull \u00e0 cr\u00e9er un algorithme de pr\u00e9vision qui pr\u00e9dit les changements dans les besoins en quincaillerie pour meubles et peut aider l&rsquo;entreprise \u00e0 am\u00e9liorer la gestion des stocks. De plus, il a \u00e9tudi\u00e9 comment am\u00e9liorer la prestation du service client avec une messagerie en temps r\u00e9el via des plateformes de commerce \u00e9lectronique.<br \/>Nous sommes l\u00e0 pour r\u00e9pondre aux besoins des marques mondiales et les aider \u00e0 commercialiser leurs produits. Nous y parvenons gr\u00e2ce \u00e0 notre approche unique de la conception et de la fabrication de produits.<\/p>\n\t\t\t\t\t\t\t\t<\/div>\n\t\t\t\t<\/div>\n\t\t\t\t\t<\/div>\n\t\t<\/div>\n\t\t\t\t\t<\/div>\n\t\t<\/section>\n\t\t\t\t<section class=\"elementor-section elementor-top-section elementor-element elementor-element-0ec3d51 elementor-section-boxed elementor-section-height-default elementor-section-height-default\" data-id=\"0ec3d51\" data-element_type=\"section\" data-settings=\"{&quot;background_background&quot;:&quot;classic&quot;}\">\n\t\t\t\t\t\t<div class=\"elementor-container elementor-column-gap-default\">\n\t\t\t\t\t<div class=\"elementor-column elementor-col-50 elementor-top-column elementor-element elementor-element-d9eaaeb\" data-id=\"d9eaaeb\" data-element_type=\"column\">\n\t\t\t<div class=\"elementor-widget-wrap elementor-element-populated\">\n\t\t\t\t\t\t<div class=\"elementor-element elementor-element-f013604 elementor-widget elementor-widget-image\" data-id=\"f013604\" data-element_type=\"widget\" data-widget_type=\"image.default\">\n\t\t\t\t\t\t<div class=\"elementor-widget-container\">\n\t\t\t\t\t\t\t\t\t\t\t\t\t\t\t<img decoding=\"async\" width=\"550\" height=\"550\" src=\"https:\/\/jushenglock.com\/wp-content\/uploads\/2022\/07\/111.jpg\" class=\"attachment-large size-large wp-image-1907\" alt=\"\" srcset=\"https:\/\/jushenglock.com\/wp-content\/uploads\/2022\/07\/111.jpg 550w, https:\/\/jushenglock.com\/wp-content\/uploads\/2022\/07\/111-100x100.jpg 100w, https:\/\/jushenglock.com\/wp-content\/uploads\/2022\/07\/111-300x300.jpg 300w, https:\/\/jushenglock.com\/wp-content\/uploads\/2022\/07\/111-150x150.jpg 150w\" sizes=\"(max-width: 550px) 100vw, 550px\" title=\"\">\t\t\t\t\t\t\t\t\t\t\t\t\t\t\t<\/div>\n\t\t\t\t<\/div>\n\t\t\t\t\t<\/div>\n\t\t<\/div>\n\t\t\t\t<div class=\"elementor-column elementor-col-50 elementor-top-column elementor-element elementor-element-3306dc3\" data-id=\"3306dc3\" data-element_type=\"column\">\n\t\t\t<div class=\"elementor-widget-wrap elementor-element-populated\">\n\t\t\t\t\t\t<div class=\"elementor-element elementor-element-6e3f4f5 elementor-widget elementor-widget-heading\" data-id=\"6e3f4f5\" data-element_type=\"widget\" data-widget_type=\"heading.default\">\n\t\t\t\t\t\t<div class=\"elementor-widget-container\">\n\t\t\t\t\t<h2 class=\"elementor-heading-title elementor-size-default\">Claire<\/h2>\t\t\t\t<\/div>\n\t\t\t\t<\/div>\n\t\t\t\t<div class=\"elementor-element elementor-element-14cbfa9 elementor-widget elementor-widget-text-editor\" data-id=\"14cbfa9\" data-element_type=\"widget\" data-widget_type=\"text-editor.default\">\n\t\t\t\t\t\t<div class=\"elementor-widget-container\">\n\t\t\t\t\t\t\t\t\t<p>Directeur g\u00e9n\u00e9ral<\/p>\n\t\t\t\t\t\t\t\t<\/div>\n\t\t\t\t<\/div>\n\t\t\t\t<div class=\"elementor-element elementor-element-be3f8f8 elementor-widget elementor-widget-heading\" data-id=\"be3f8f8\" data-element_type=\"widget\" data-widget_type=\"heading.default\">\n\t\t\t\t\t\t<div class=\"elementor-widget-container\">\n\t\t\t\t\t<h2 class=\"elementor-heading-title elementor-size-default\">\"Nous ne nous engageons pas seulement \u00e0 proposer les meilleurs produits de serrures de porte \u00e0 nos clients mondiaux, nous nous engageons \u00e9galement \u00e0 am\u00e9liorer la valeur de leur marque\"<\/h2>\t\t\t\t<\/div>\n\t\t\t\t<\/div>\n\t\t\t\t<div class=\"elementor-element elementor-element-aa14820 elementor-widget elementor-widget-text-editor\" data-id=\"aa14820\" data-element_type=\"widget\" data-widget_type=\"text-editor.default\">\n\t\t\t\t\t\t<div class=\"elementor-widget-container\">\n\t\t\t\t\t\t\t\t\t<p>Claire a rejoint mepull en 2020, apportant avec elle plus d&rsquo;une d\u00e9cennie d&rsquo;exp\u00e9rience en tant que cadre sup\u00e9rieur pour plusieurs produits de consommation et soci\u00e9t\u00e9s h\u00f4teli\u00e8res. Dans son poste de directrice g\u00e9n\u00e9rale, Claire supervise toutes les op\u00e9rations, s&rsquo;effor\u00e7ant d&rsquo;augmenter l&rsquo;efficacit\u00e9 et les revenus en d\u00e9veloppant de nouvelles opportunit\u00e9s commerciales et en promouvant la marque de l&rsquo;entreprise tout en maintenant des normes \u00e9lev\u00e9es d&rsquo;assistance \u00e0 la client\u00e8le.<br \/>En tant que v\u00e9t\u00e9ran de l&rsquo;industrie, Claire a encourag\u00e9 la collaboration, l&rsquo;alignement et la r\u00e9flexion strat\u00e9gique pour apporter des services bas\u00e9s sur la valeur \u00e0 leurs clients et dirige l&rsquo;\u00e9quipe pour cr\u00e9er des revenus durables. Avec son souci du d\u00e9tail et sa capacit\u00e9 \u00e0 analyser les tendances, l&rsquo;accent mis par Claire sur le service et sa d\u00e9termination \u00e0 toujours d\u00e9passer les attentes cr\u00e9ent une exp\u00e9rience client sans pareille.<\/p>\n\t\t\t\t\t\t\t\t<\/div>\n\t\t\t\t<\/div>\n\t\t\t\t\t<\/div>\n\t\t<\/div>\n\t\t\t\t\t<\/div>\n\t\t<\/section>\n\t\t\t\t<\/div>\n\t\t","protected":false},"excerpt":{"rendered":"<p>chef d&rsquo;entreprise Chaque membre de notre \u00e9quipe de direction d\u00e9montre des valeurs qui guident notre travail et la fa\u00e7on dont nous servons nos clients. Le r\u00e9sultat est que notre \u00e9quipe fournit un service client extraordinaire, une confiance et un engagement envers nos partenaires. page d&rsquo;accueil &gt; Pourquoi choisir Mepull &gt; chef d&rsquo;entreprise M Notre \u00e9quipe [&hellip;]<\/p>\n","protected":false},"author":1,"featured_media":0,"parent":0,"menu_order":0,"comment_status":"closed","ping_status":"closed","template":"","meta":{"site-sidebar-layout":"no-sidebar","site-content-layout":"page-builder","ast-site-content-layout":"","site-content-style":"default","site-sidebar-style":"default","ast-global-header-display":"","ast-banner-title-visibility":"","ast-main-header-display":"","ast-hfb-above-header-display":"","ast-hfb-below-header-display":"","ast-hfb-mobile-header-display":"","site-post-title":"disabled","ast-breadcrumbs-content":"","ast-featured-img":"disabled","footer-sml-layout":"","theme-transparent-header-meta":"","adv-header-id-meta":"","stick-header-meta":"","header-above-stick-meta":"","header-main-stick-meta":"","header-below-stick-meta":"","astra-migrate-meta-layouts":"default","ast-page-background-enabled":"default","ast-page-background-meta":{"desktop":{"background-color":"var(--ast-global-color-4)","background-image":"","background-repeat":"repeat","background-position":"center center","background-size":"auto","background-attachment":"scroll","background-type":"","background-media":"","overlay-type":"","overlay-color":"","overlay-opacity":"","overlay-gradient":""},"tablet":{"background-color":"","background-image":"","background-repeat":"repeat","background-position":"center center","background-size":"auto","background-attachment":"scroll","background-type":"","background-media":"","overlay-type":"","overlay-color":"","overlay-opacity":"","overlay-gradient":""},"mobile":{"background-color":"","background-image":"","background-repeat":"repeat","background-position":"center center","background-size":"auto","background-attachment":"scroll","background-type":"","background-media":"","overlay-type":"","overlay-color":"","overlay-opacity":"","overlay-gradient":""}},"ast-content-background-meta":{"desktop":{"background-color":"var(--ast-global-color-5)","background-image":"","background-repeat":"repeat","background-position":"center center","background-size":"auto","background-attachment":"scroll","background-type":"","background-media":"","overlay-type":"","overlay-color":"","overlay-opacity":"","overlay-gradient":""},"tablet":{"background-color":"var(--ast-global-color-5)","background-image":"","background-repeat":"repeat","background-position":"center center","background-size":"auto","background-attachment":"scroll","background-type":"","background-media":"","overlay-type":"","overlay-color":"","overlay-opacity":"","overlay-gradient":""},"mobile":{"background-color":"var(--ast-global-color-5)","background-image":"","background-repeat":"repeat","background-position":"center center","background-size":"auto","background-attachment":"scroll","background-type":"","background-media":"","overlay-type":"","overlay-color":"","overlay-opacity":"","overlay-gradient":""}},"footnotes":""},"class_list":["post-10737","page","type-page","status-publish","hentry"],"_links":{"self":[{"href":"https:\/\/jushenglock.com\/fr\/wp-json\/wp\/v2\/pages\/10737","targetHints":{"allow":["GET"]}}],"collection":[{"href":"https:\/\/jushenglock.com\/fr\/wp-json\/wp\/v2\/pages"}],"about":[{"href":"https:\/\/jushenglock.com\/fr\/wp-json\/wp\/v2\/types\/page"}],"author":[{"embeddable":true,"href":"https:\/\/jushenglock.com\/fr\/wp-json\/wp\/v2\/users\/1"}],"replies":[{"embeddable":true,"href":"https:\/\/jushenglock.com\/fr\/wp-json\/wp\/v2\/comments?post=10737"}],"version-history":[{"count":1,"href":"https:\/\/jushenglock.com\/fr\/wp-json\/wp\/v2\/pages\/10737\/revisions"}],"predecessor-version":[{"id":10738,"href":"https:\/\/jushenglock.com\/fr\/wp-json\/wp\/v2\/pages\/10737\/revisions\/10738"}],"wp:attachment":[{"href":"https:\/\/jushenglock.com\/fr\/wp-json\/wp\/v2\/media?parent=10737"}],"curies":[{"name":"wp","href":"https:\/\/api.w.org\/{rel}","templated":true}]}}