{"id":10749,"date":"2022-11-10T18:45:49","date_gmt":"2022-11-10T10:45:49","guid":{"rendered":"https:\/\/jushenglock.com\/serrures-intelligentes\/"},"modified":"2022-11-29T18:58:06","modified_gmt":"2022-11-29T10:58:06","slug":"serrures-intelligentes","status":"publish","type":"page","link":"https:\/\/jushenglock.com\/fr\/serrures-intelligentes\/","title":{"rendered":"Serrures intelligentes"},"content":{"rendered":"\t\t<div data-elementor-type=\"wp-page\" data-elementor-id=\"10749\" class=\"elementor elementor-10749\" data-elementor-post-type=\"page\">\n\t\t\t\t\t\t<section class=\"elementor-section elementor-top-section elementor-element elementor-element-e9a9a24 elementor-section-boxed elementor-section-height-default elementor-section-height-default\" data-id=\"e9a9a24\" data-element_type=\"section\" data-settings=\"{&quot;background_background&quot;:&quot;classic&quot;}\">\n\t\t\t\t\t\t<div class=\"elementor-container elementor-column-gap-default\">\n\t\t\t\t\t<div class=\"elementor-column elementor-col-100 elementor-top-column elementor-element elementor-element-5cbe96b\" data-id=\"5cbe96b\" data-element_type=\"column\">\n\t\t\t<div class=\"elementor-widget-wrap elementor-element-populated\">\n\t\t\t\t\t\t<section class=\"elementor-section elementor-inner-section elementor-element elementor-element-76dd8a7 elementor-section-boxed elementor-section-height-default elementor-section-height-default\" data-id=\"76dd8a7\" data-element_type=\"section\">\n\t\t\t\t\t\t<div class=\"elementor-container elementor-column-gap-default\">\n\t\t\t\t\t<div class=\"elementor-column elementor-col-100 elementor-inner-column elementor-element elementor-element-3e63775\" data-id=\"3e63775\" data-element_type=\"column\">\n\t\t\t<div class=\"elementor-widget-wrap elementor-element-populated\">\n\t\t\t\t\t\t<div class=\"elementor-element elementor-element-3a4f721 elementor-widget elementor-widget-heading\" data-id=\"3a4f721\" data-element_type=\"widget\" data-widget_type=\"heading.default\">\n\t\t\t\t\t\t<div class=\"elementor-widget-container\">\n\t\t\t\t\t<h2 class=\"elementor-heading-title elementor-size-default\">Fabricant de serrures intelligentes sans cl\u00e9 OEM\/OD<\/h2>\t\t\t\t<\/div>\n\t\t\t\t<\/div>\n\t\t\t\t<div class=\"elementor-element elementor-element-6e91a58 elementor-widget elementor-widget-text-editor\" data-id=\"6e91a58\" data-element_type=\"widget\" data-widget_type=\"text-editor.default\">\n\t\t\t\t\t\t<div class=\"elementor-widget-container\">\n\t\t\t\t\t\t\t\t\t<p>Nous fournissons des solutions puissantes pour la serrure de porte intelligente qui contribuent au succ\u00e8s de votre entreprise<\/p>\n\t\t\t\t\t\t\t\t<\/div>\n\t\t\t\t<\/div>\n\t\t\t\t<div class=\"elementor-element elementor-element-f950750 elementor-widget elementor-widget-button\" data-id=\"f950750\" data-element_type=\"widget\" data-widget_type=\"button.default\">\n\t\t\t\t\t\t<div class=\"elementor-widget-container\">\n\t\t\t\t\t\t\t\t\t<div class=\"elementor-button-wrapper\">\n\t\t\t\t\t<a class=\"elementor-button elementor-button-link elementor-size-sm\" href=\"#elementor-action%3Aaction%3Dpopup%3Aopen%26settings%3DeyJpZCI6IjE0NzQiLCJ0b2dnbGUiOmZhbHNlfQ%3D%3D\">\n\t\t\t\t\t\t<span class=\"elementor-button-content-wrapper\">\n\t\t\t\t\t\t\t\t\t<span class=\"elementor-button-text\">Entrer en contact<\/span>\n\t\t\t\t\t<\/span>\n\t\t\t\t\t<\/a>\n\t\t\t\t<\/div>\n\t\t\t\t\t\t\t\t<\/div>\n\t\t\t\t<\/div>\n\t\t\t\t\t<\/div>\n\t\t<\/div>\n\t\t\t\t\t<\/div>\n\t\t<\/section>\n\t\t\t\t\t<\/div>\n\t\t<\/div>\n\t\t\t\t\t<\/div>\n\t\t<\/section>\n\t\t\t\t<section class=\"elementor-section elementor-top-section elementor-element elementor-element-1d9bc45 elementor-section-boxed elementor-section-height-default elementor-section-height-default\" data-id=\"1d9bc45\" data-element_type=\"section\" data-settings=\"{&quot;background_background&quot;:&quot;classic&quot;}\">\n\t\t\t\t\t\t<div class=\"elementor-container elementor-column-gap-default\">\n\t\t\t\t\t<div class=\"elementor-column elementor-col-100 elementor-top-column elementor-element elementor-element-1ef2493\" data-id=\"1ef2493\" data-element_type=\"column\">\n\t\t\t<div class=\"elementor-widget-wrap elementor-element-populated\">\n\t\t\t\t\t\t<div class=\"elementor-element elementor-element-e0be1bc elementor-widget elementor-widget-heading\" data-id=\"e0be1bc\" data-element_type=\"widget\" data-widget_type=\"heading.default\">\n\t\t\t\t\t\t<div class=\"elementor-widget-container\">\n\t\t\t\t\t<h3 class=\"elementor-heading-title elementor-size-default\">Mepull, l\u00e0 o\u00f9 nous r\u00e9pondons \u00e0 toutes vos attentes<\/h3>\t\t\t\t<\/div>\n\t\t\t\t<\/div>\n\t\t\t\t<section class=\"elementor-section elementor-inner-section elementor-element elementor-element-96903c9 elementor-section-boxed elementor-section-height-default elementor-section-height-default\" data-id=\"96903c9\" data-element_type=\"section\">\n\t\t\t\t\t\t<div class=\"elementor-container elementor-column-gap-default\">\n\t\t\t\t\t<div class=\"elementor-column elementor-col-33 elementor-inner-column elementor-element elementor-element-ca56892\" data-id=\"ca56892\" data-element_type=\"column\" data-settings=\"{&quot;background_background&quot;:&quot;classic&quot;}\">\n\t\t\t<div class=\"elementor-widget-wrap elementor-element-populated\">\n\t\t\t\t\t\t<div class=\"elementor-element elementor-element-bc54e2b elementor-widget elementor-widget-image\" data-id=\"bc54e2b\" data-element_type=\"widget\" data-widget_type=\"image.default\">\n\t\t\t\t\t\t<div class=\"elementor-widget-container\">\n\t\t\t\t\t\t\t\t\t\t\t\t\t\t\t<img fetchpriority=\"high\" decoding=\"async\" width=\"565\" height=\"310\" src=\"https:\/\/jushenglock.com\/wp-content\/uploads\/2022\/11\/expertise-smart-lock.jpg\" class=\"attachment-large size-large wp-image-4491\" alt=\"\" srcset=\"https:\/\/jushenglock.com\/wp-content\/uploads\/2022\/11\/expertise-smart-lock.jpg 565w, https:\/\/jushenglock.com\/wp-content\/uploads\/2022\/11\/expertise-smart-lock-300x165.jpg 300w\" sizes=\"(max-width: 565px) 100vw, 565px\" title=\"\">\t\t\t\t\t\t\t\t\t\t\t\t\t\t\t<\/div>\n\t\t\t\t<\/div>\n\t\t\t\t<div class=\"elementor-element elementor-element-2928ea7 elementor-widget elementor-widget-heading\" data-id=\"2928ea7\" data-element_type=\"widget\" data-widget_type=\"heading.default\">\n\t\t\t\t\t\t<div class=\"elementor-widget-container\">\n\t\t\t\t\t<h4 class=\"elementor-heading-title elementor-size-default\">Comp\u00e9tence<\/h4>\t\t\t\t<\/div>\n\t\t\t\t<\/div>\n\t\t\t\t<div class=\"elementor-element elementor-element-ad4388e elementor-widget elementor-widget-text-editor\" data-id=\"ad4388e\" data-element_type=\"widget\" data-widget_type=\"text-editor.default\">\n\t\t\t\t\t\t<div class=\"elementor-widget-container\">\n\t\t\t\t\t\t\t\t\t<p>Notre \u00e9quipe comprend vos besoins uniques et vos consid\u00e9rations. et les d\u00e9fis de divers produits de serrure de porte. Nous avons une vaste expertise dans des industries sp\u00e9cifiques, y compris les serrures intelligentes, les poign\u00e9es de porte int\u00e9rieures, les ensembles de serrures \u00e0 mortaise, etc.<\/p>\n\t\t\t\t\t\t\t\t<\/div>\n\t\t\t\t<\/div>\n\t\t\t\t\t<\/div>\n\t\t<\/div>\n\t\t\t\t<div class=\"elementor-column elementor-col-33 elementor-inner-column elementor-element elementor-element-a7f9bca\" data-id=\"a7f9bca\" data-element_type=\"column\" data-settings=\"{&quot;background_background&quot;:&quot;classic&quot;}\">\n\t\t\t<div class=\"elementor-widget-wrap elementor-element-populated\">\n\t\t\t\t\t\t<div class=\"elementor-element elementor-element-49e2f22 elementor-widget elementor-widget-heading\" data-id=\"49e2f22\" data-element_type=\"widget\" data-widget_type=\"heading.default\">\n\t\t\t\t\t\t<div class=\"elementor-widget-container\">\n\t\t\t\t\t<h4 class=\"elementor-heading-title elementor-size-default\">Installations<\/h4>\t\t\t\t<\/div>\n\t\t\t\t<\/div>\n\t\t\t\t<div class=\"elementor-element elementor-element-8653f26 elementor-widget elementor-widget-text-editor\" data-id=\"8653f26\" data-element_type=\"widget\" data-widget_type=\"text-editor.default\">\n\t\t\t\t\t\t<div class=\"elementor-widget-container\">\n\t\t\t\t\t\t\t\t\t<p>Nous utilisons des installations de fabrication \u00e0 grande \u00e9chelle avec des tours CNC avanc\u00e9s, des machines de moulage sous pression, des lignes d&rsquo;assemblage automatiques de pi\u00e8ces, etc. pour r\u00e9pondre \u00e0 100% \u00e0 vos besoins. Certifi\u00e9 BSCI et SEDEX.<\/p>\n\t\t\t\t\t\t\t\t<\/div>\n\t\t\t\t<\/div>\n\t\t\t\t<div class=\"elementor-element elementor-element-fbf0cef elementor-widget elementor-widget-image\" data-id=\"fbf0cef\" data-element_type=\"widget\" data-widget_type=\"image.default\">\n\t\t\t\t\t\t<div class=\"elementor-widget-container\">\n\t\t\t\t\t\t\t\t\t\t\t\t\t\t\t<img decoding=\"async\" width=\"600\" height=\"385\" src=\"https:\/\/jushenglock.com\/wp-content\/uploads\/2022\/11\/a1faa920.jpg\" class=\"attachment-large size-large wp-image-4487\" alt=\"\" srcset=\"https:\/\/jushenglock.com\/wp-content\/uploads\/2022\/11\/a1faa920.jpg 600w, https:\/\/jushenglock.com\/wp-content\/uploads\/2022\/11\/a1faa920-300x193.jpg 300w\" sizes=\"(max-width: 600px) 100vw, 600px\" title=\"\">\t\t\t\t\t\t\t\t\t\t\t\t\t\t\t<\/div>\n\t\t\t\t<\/div>\n\t\t\t\t\t<\/div>\n\t\t<\/div>\n\t\t\t\t<div class=\"elementor-column elementor-col-33 elementor-inner-column elementor-element elementor-element-4055466\" data-id=\"4055466\" data-element_type=\"column\" data-settings=\"{&quot;background_background&quot;:&quot;classic&quot;}\">\n\t\t\t<div class=\"elementor-widget-wrap elementor-element-populated\">\n\t\t\t\t\t\t<div class=\"elementor-element elementor-element-1cc6492 elementor-widget elementor-widget-image\" data-id=\"1cc6492\" data-element_type=\"widget\" data-widget_type=\"image.default\">\n\t\t\t\t\t\t<div class=\"elementor-widget-container\">\n\t\t\t\t\t\t\t\t\t\t\t\t\t\t\t<img decoding=\"async\" width=\"565\" height=\"310\" src=\"https:\/\/jushenglock.com\/wp-content\/uploads\/2022\/11\/mepull-Aluminum-ingot-plant.jpg\" class=\"attachment-large size-large wp-image-4488\" alt=\"\" srcset=\"https:\/\/jushenglock.com\/wp-content\/uploads\/2022\/11\/mepull-Aluminum-ingot-plant.jpg 565w, https:\/\/jushenglock.com\/wp-content\/uploads\/2022\/11\/mepull-Aluminum-ingot-plant-300x165.jpg 300w\" sizes=\"(max-width: 565px) 100vw, 565px\" title=\"\">\t\t\t\t\t\t\t\t\t\t\t\t\t\t\t<\/div>\n\t\t\t\t<\/div>\n\t\t\t\t<div class=\"elementor-element elementor-element-c1e9a13 elementor-widget elementor-widget-heading\" data-id=\"c1e9a13\" data-element_type=\"widget\" data-widget_type=\"heading.default\">\n\t\t\t\t\t\t<div class=\"elementor-widget-container\">\n\t\t\t\t\t<h4 class=\"elementor-heading-title elementor-size-default\">Mat\u00e9riaux<\/h4>\t\t\t\t<\/div>\n\t\t\t\t<\/div>\n\t\t\t\t<div class=\"elementor-element elementor-element-82a026b elementor-widget elementor-widget-text-editor\" data-id=\"82a026b\" data-element_type=\"widget\" data-widget_type=\"text-editor.default\">\n\t\t\t\t\t\t<div class=\"elementor-widget-container\">\n\t\t\t\t\t\t\t\t\t<p>Les mat\u00e9riaux peuvent faire une r\u00e9elle diff\u00e9rence. Nous fournissons une large gamme de mat\u00e9riaux allant du m\u00e9tal comme le laiton, l&rsquo;alliage d&rsquo;aluminium et l&rsquo;alliage de zinc \u00e0 la surface, y compris la fibre de carbone, le proc\u00e9d\u00e9 IMD, etc. pour correspondre au mieux \u00e0 votre projet.<\/p>\n\t\t\t\t\t\t\t\t<\/div>\n\t\t\t\t<\/div>\n\t\t\t\t\t<\/div>\n\t\t<\/div>\n\t\t\t\t\t<\/div>\n\t\t<\/section>\n\t\t\t\t\t<\/div>\n\t\t<\/div>\n\t\t\t\t\t<\/div>\n\t\t<\/section>\n\t\t\t\t<section class=\"elementor-section elementor-top-section elementor-element elementor-element-04bb005 elementor-section-boxed elementor-section-height-default elementor-section-height-default\" data-id=\"04bb005\" data-element_type=\"section\" data-settings=\"{&quot;background_background&quot;:&quot;classic&quot;}\">\n\t\t\t\t\t\t<div class=\"elementor-container elementor-column-gap-default\">\n\t\t\t\t\t<div class=\"elementor-column elementor-col-100 elementor-top-column elementor-element elementor-element-4f951c4\" data-id=\"4f951c4\" data-element_type=\"column\">\n\t\t\t<div class=\"elementor-widget-wrap elementor-element-populated\">\n\t\t\t\t\t\t<div class=\"elementor-element elementor-element-379c5f0 elementor-widget elementor-widget-heading\" data-id=\"379c5f0\" data-element_type=\"widget\" data-widget_type=\"heading.default\">\n\t\t\t\t\t\t<div class=\"elementor-widget-container\">\n\t\t\t\t\t<h2 class=\"elementor-heading-title elementor-size-default\">Serrures intelligentes pour votre entreprise<\/h2>\t\t\t\t<\/div>\n\t\t\t\t<\/div>\n\t\t\t\t<div class=\"elementor-element elementor-element-5c1a6b8 uael-woo--align-center uael-woo-pagination-align-center elementor-widget elementor-widget-uael-woo-products\" data-id=\"5c1a6b8\" data-element_type=\"widget\" data-settings=\"{&quot;products_columns&quot;:&quot;3&quot;,&quot;products_columns_tablet&quot;:&quot;3&quot;,&quot;products_columns_mobile&quot;:&quot;1&quot;,&quot;pagination_align&quot;:&quot;center&quot;}\" data-widget_type=\"uael-woo-products.grid-default\">\n\t\t\t\t\t\t<div class=\"elementor-widget-container\">\n\t\t\t\t\t<div class=\"uael-woocommerce uael-woo-products-grid uael-woo-skin-grid-default uael-woo-query-custom\" data-page=\"10749\" data-skin=\"grid_default\"><div class=\" columns-3 uael-woo-products-inner uael-woo-product__column-3 uael-woo-product__column-tablet-3 uael-woo-product__column-mobile-1 uael-woo-product__hover-swap\"><ul class=\"products columns-3\">\n\n\n<li class=\" rim lock smart locks post-4421 product first instock sold-individually shipping-taxable purchasable product-type-simple\">\n\t<div class=\"uael-woo-product-wrapper uael-prod-auto-align-disabled\">\n\t\t<div class=\"uael-woo-products-thumbnail-wrap\"><a href=\"https:\/\/jushenglock.com\/fr\/product\/smart-rim-door-lock-l5057\/\" class=\"woocommerce-LoopProduct-link woocommerce-loop-product__link\"><img loading=\"lazy\" decoding=\"async\" width=\"600\" height=\"600\" src=\"https:\/\/jushenglock.com\/wp-content\/uploads\/2022\/10\/Mepull-Rim-Lock-L50572-600x600.jpg\" class=\"attachment-woocommerce_thumbnail size-woocommerce_thumbnail\" alt=\"smart rim door lock\" srcset=\"https:\/\/jushenglock.com\/wp-content\/uploads\/2022\/10\/Mepull-Rim-Lock-L50572-600x600.jpg 600w, https:\/\/jushenglock.com\/wp-content\/uploads\/2022\/10\/Mepull-Rim-Lock-L50572-100x100.jpg 100w, https:\/\/jushenglock.com\/wp-content\/uploads\/2022\/10\/Mepull-Rim-Lock-L50572-300x300.jpg 300w, https:\/\/jushenglock.com\/wp-content\/uploads\/2022\/10\/Mepull-Rim-Lock-L50572-150x150.jpg 150w, https:\/\/jushenglock.com\/wp-content\/uploads\/2022\/10\/Mepull-Rim-Lock-L50572-768x768.jpg 768w, https:\/\/jushenglock.com\/wp-content\/uploads\/2022\/10\/Mepull-Rim-Lock-L50572.jpg 800w\" sizes=\"(max-width: 600px) 100vw, 600px\" title=\"\"><img loading=\"lazy\" decoding=\"async\" width=\"800\" height=\"800\" src=\"https:\/\/jushenglock.com\/wp-content\/uploads\/2022\/10\/Mepull-Rim-Lock-L50571.jpg\" class=\"uael-show-on-hover\" alt=\"\" title=\"\"><\/a><\/div><div class=\"uael-woo-products-summary-wrap uael-auto-align-disabled\"><a href=\"https:\/\/jushenglock.com\/fr\/product\/smart-rim-door-lock-l5057\/\" class=\"uael-loop-product__link\"><h2 class=\"woocommerce-loop-product__title\">Jusheng Door Smart Rim Door Lock Set L5057<\/h2><\/a><a href=\"\/fr\/wp-json\/wp\/v2\/pages\/10749?add-to-cart=4421\" aria-describedby=\"woocommerce_loop_add_to_cart_link_describedby_4421\" data-quantity=\"1\" class=\"button product_type_simple add_to_cart_button ajax_add_to_cart \" data-product_id=\"4421\" data-product_sku=\"\" aria-label=\"Ajouter au panier\u00a0: &ldquo;Jusheng Door Smart Rim Door Lock Set L5057&rdquo;\" rel=\"nofollow\" data-success_message=\"\u00ab\u00a0Jusheng Door Smart Rim Door Lock Set L5057\u00a0\u00bb a \u00e9t\u00e9 ajout\u00e9 \u00e0 votre panier\" role=\"button\">Ajouter au panier<\/a>\t<span id=\"woocommerce_loop_add_to_cart_link_describedby_4421\" class=\"screen-reader-text\">\n\t\t\t<\/span>\n<\/div>\t<\/div>\n<\/li>\n<\/ul>\n<\/div><\/div>\t\t\t\t<\/div>\n\t\t\t\t<\/div>\n\t\t\t\t\t<\/div>\n\t\t<\/div>\n\t\t\t\t\t<\/div>\n\t\t<\/section>\n\t\t\t\t<\/div>\n\t\t","protected":false},"excerpt":{"rendered":"<p>Fabricant de serrures intelligentes sans cl\u00e9 OEM\/OD Nous fournissons des solutions puissantes pour la serrure de porte intelligente qui contribuent au succ\u00e8s de votre entreprise Entrer en contact Mepull, l\u00e0 o\u00f9 nous r\u00e9pondons \u00e0 toutes vos attentes Comp\u00e9tence Notre \u00e9quipe comprend vos besoins uniques et vos consid\u00e9rations. et les d\u00e9fis de divers produits de serrure [&hellip;]<\/p>\n","protected":false},"author":1,"featured_media":0,"parent":0,"menu_order":0,"comment_status":"closed","ping_status":"closed","template":"","meta":{"site-sidebar-layout":"no-sidebar","site-content-layout":"page-builder","ast-site-content-layout":"","site-content-style":"default","site-sidebar-style":"default","ast-global-header-display":"","ast-banner-title-visibility":"","ast-main-header-display":"","ast-hfb-above-header-display":"","ast-hfb-below-header-display":"","ast-hfb-mobile-header-display":"","site-post-title":"disabled","ast-breadcrumbs-content":"","ast-featured-img":"disabled","footer-sml-layout":"","theme-transparent-header-meta":"","adv-header-id-meta":"","stick-header-meta":"","header-above-stick-meta":"","header-main-stick-meta":"","header-below-stick-meta":"","astra-migrate-meta-layouts":"default","ast-page-background-enabled":"default","ast-page-background-meta":{"desktop":{"background-color":"var(--ast-global-color-4)","background-image":"","background-repeat":"repeat","background-position":"center center","background-size":"auto","background-attachment":"scroll","background-type":"","background-media":"","overlay-type":"","overlay-color":"","overlay-opacity":"","overlay-gradient":""},"tablet":{"background-color":"","background-image":"","background-repeat":"repeat","background-position":"center center","background-size":"auto","background-attachment":"scroll","background-type":"","background-media":"","overlay-type":"","overlay-color":"","overlay-opacity":"","overlay-gradient":""},"mobile":{"background-color":"","background-image":"","background-repeat":"repeat","background-position":"center center","background-size":"auto","background-attachment":"scroll","background-type":"","background-media":"","overlay-type":"","overlay-color":"","overlay-opacity":"","overlay-gradient":""}},"ast-content-background-meta":{"desktop":{"background-color":"var(--ast-global-color-5)","background-image":"","background-repeat":"repeat","background-position":"center center","background-size":"auto","background-attachment":"scroll","background-type":"","background-media":"","overlay-type":"","overlay-color":"","overlay-opacity":"","overlay-gradient":""},"tablet":{"background-color":"var(--ast-global-color-5)","background-image":"","background-repeat":"repeat","background-position":"center center","background-size":"auto","background-attachment":"scroll","background-type":"","background-media":"","overlay-type":"","overlay-color":"","overlay-opacity":"","overlay-gradient":""},"mobile":{"background-color":"var(--ast-global-color-5)","background-image":"","background-repeat":"repeat","background-position":"center center","background-size":"auto","background-attachment":"scroll","background-type":"","background-media":"","overlay-type":"","overlay-color":"","overlay-opacity":"","overlay-gradient":""}},"footnotes":""},"class_list":["post-10749","page","type-page","status-publish","hentry","desktop-align-left","tablet-align-left","mobile-align-left","ast-product-gallery-layout-horizontal-slider","ast-product-tabs-layout-horizontal"],"_links":{"self":[{"href":"https:\/\/jushenglock.com\/fr\/wp-json\/wp\/v2\/pages\/10749","targetHints":{"allow":["GET"]}}],"collection":[{"href":"https:\/\/jushenglock.com\/fr\/wp-json\/wp\/v2\/pages"}],"about":[{"href":"https:\/\/jushenglock.com\/fr\/wp-json\/wp\/v2\/types\/page"}],"author":[{"embeddable":true,"href":"https:\/\/jushenglock.com\/fr\/wp-json\/wp\/v2\/users\/1"}],"replies":[{"embeddable":true,"href":"https:\/\/jushenglock.com\/fr\/wp-json\/wp\/v2\/comments?post=10749"}],"version-history":[{"count":1,"href":"https:\/\/jushenglock.com\/fr\/wp-json\/wp\/v2\/pages\/10749\/revisions"}],"predecessor-version":[{"id":10750,"href":"https:\/\/jushenglock.com\/fr\/wp-json\/wp\/v2\/pages\/10749\/revisions\/10750"}],"wp:attachment":[{"href":"https:\/\/jushenglock.com\/fr\/wp-json\/wp\/v2\/media?parent=10749"}],"curies":[{"name":"wp","href":"https:\/\/api.w.org\/{rel}","templated":true}]}}